{"id":422,"date":"2018-03-03T16:21:30","date_gmt":"2018-03-03T16:21:30","guid":{"rendered":"http:\/\/www.lacoiffurespa.com\/?page_id=422"},"modified":"2021-11-15T06:37:43","modified_gmt":"2021-11-15T06:37:43","slug":"etiquette-spa","status":"publish","type":"page","link":"http:\/\/lacoiffurespa.com\/fr\/etiquette-spa\/","title":{"rendered":"\u00c9tiquette Spa"},"content":{"rendered":"<div class=\"wpb-content-wrapper\">[vc_row][vc_column][vc_custom_heading text=&#8221;Arriv\u00e9e&#8221; use_theme_fonts=&#8221;yes&#8221;][vc_column_text]\n<h3>Veuillez arriver au moins 15 minutes avant votre premier soin pour vous donner le temps n\u00e9cessaire de remplir des formulaires de sant\u00e9 et\/ou pour la consultation avec le membre de notre personnel.<\/h3>\n<h3>Pour \u00e9viter toute d\u00e9ception, veuillez \u00eatre \u00e0 l\u2019heure. Si vous \u00eates en retard, il en r\u00e9sultera un rendez-vous raccourci, permettant \u00e0 notre personnel de prendre leur prochain rendez-vous \u00e0 temps.<\/h3>\n[\/vc_column_text][vc_separator style=&#8221;shadow&#8221; border_width=&#8221;10&#8243;][\/vc_column][\/vc_row][vc_row][vc_column][vc_custom_heading text=&#8221;Annulation&#8221; use_theme_fonts=&#8221;yes&#8221;][vc_column_text]\n<h3>Dans le cas o\u00f9 vous devez annuler votre rendez-vous, veuillez nous en aviser au moins 48 heures \u00e0 l\u2019avance. Il s\u2019agit d\u2019une marque de politesse envers notre personnel et nous pourrons peut-\u00eatre r\u00e9pondre aux besoins d\u2019un autre client.<\/h3>\n[\/vc_column_text][vc_separator style=&#8221;shadow&#8221; border_width=&#8221;10&#8243;][\/vc_column][\/vc_row][vc_row][vc_column][vc_custom_heading text=&#8221;Pourboires&#8221; use_theme_fonts=&#8221;yes&#8221;][vc_column_text]\n<h3>Si vous souhaitez laisser un pourboire apr\u00e8s votre soin, il est accept\u00e9 et tr\u00e8s appr\u00e9ci\u00e9 pour un travail bien fait. Les pourboires sont laiss\u00e9s \u00e0 la discr\u00e9tion du client et ne sont pas inclus dans nos prix.<\/h3>\n[\/vc_column_text][vc_separator style=&#8221;shadow&#8221; border_width=&#8221;10&#8243;][\/vc_column][\/vc_row][vc_row][vc_column][\/vc_column][\/vc_row]\n<\/div>","protected":false},"excerpt":{"rendered":"<p>[vc_row][vc_column][vc_custom_heading text=&#8221;Arriv\u00e9e&#8221; use_theme_fonts=&#8221;yes&#8221;][vc_column_text] Veuillez arriver au moins 15 minutes avant votre premier soin pour vous donner le temps n\u00e9cessaire de remplir des formulaires de sant\u00e9 et\/ou pour la consultation avec le membre de notre personnel. Pour \u00e9viter toute d\u00e9ception, veuillez \u00eatre \u00e0 l\u2019heure. Si vous \u00eates en retard, il en r\u00e9sultera un rendez-vous raccourci, permettant<\/p>\n","protected":false},"author":1,"featured_media":0,"parent":0,"menu_order":0,"comment_status":"closed","ping_status":"closed","template":"","meta":{"nf_dc_page":"","footnotes":""},"class_list":["post-422","page","type-page","status-publish","hentry"],"jetpack_sharing_enabled":true,"_links":{"self":[{"href":"http:\/\/lacoiffurespa.com\/fr\/wp-json\/wp\/v2\/pages\/422","targetHints":{"allow":["GET"]}}],"collection":[{"href":"http:\/\/lacoiffurespa.com\/fr\/wp-json\/wp\/v2\/pages"}],"about":[{"href":"http:\/\/lacoiffurespa.com\/fr\/wp-json\/wp\/v2\/types\/page"}],"author":[{"embeddable":true,"href":"http:\/\/lacoiffurespa.com\/fr\/wp-json\/wp\/v2\/users\/1"}],"replies":[{"embeddable":true,"href":"http:\/\/lacoiffurespa.com\/fr\/wp-json\/wp\/v2\/comments?post=422"}],"version-history":[{"count":7,"href":"http:\/\/lacoiffurespa.com\/fr\/wp-json\/wp\/v2\/pages\/422\/revisions"}],"predecessor-version":[{"id":858,"href":"http:\/\/lacoiffurespa.com\/fr\/wp-json\/wp\/v2\/pages\/422\/revisions\/858"}],"wp:attachment":[{"href":"http:\/\/lacoiffurespa.com\/fr\/wp-json\/wp\/v2\/media?parent=422"}],"curies":[{"name":"wp","href":"https:\/\/api.w.org\/{rel}","templated":true}]}}