{"id":462,"date":"2018-03-04T05:49:07","date_gmt":"2018-03-04T05:49:07","guid":{"rendered":"http:\/\/www.lacoiffurespa.com\/?page_id=462"},"modified":"2021-11-15T06:35:28","modified_gmt":"2021-11-15T06:35:28","slug":"esthetique","status":"publish","type":"page","link":"http:\/\/lacoiffurespa.com\/fr\/esthetique\/","title":{"rendered":"Esth\u00e9tique"},"content":{"rendered":"<div class=\"wpb-content-wrapper\">[vc_row][vc_column][\/vc_column][\/vc_row][vc_row][vc_column width=&#8221;1\/4&#8243;][vc_custom_heading text=&#8221;Soins du visage Dermalogica&#8221; use_theme_fonts=&#8221;yes&#8221;][vc_column_text]\n[\/vc_column_text][\/vc_column][vc_column width=&#8221;3\/4&#8243;][vc_single_image image=&#8221;588&#8243; img_size=&#8221;full&#8221; alignment=&#8221;right&#8221;][\/vc_column][\/vc_row][vc_row][vc_column][vc_column_text]\n<h2><span style=\"font-family: Calibri; font-size: 13.5pt; color: #3c2821;\"><strong>Facial de base Dermalogica (60 Minutes)<\/strong><\/span><span style=\"font-family: Calibri; font-size: 13.5pt; color: #626262;\">Prix: $85<br \/>\n<\/span><\/h2>\n<h4><span style=\"font-family: Calibri; font-size: 11.25pt; color: #666666;\">Ce traitement est la base de la sant\u00e9 optimale de la peau. Il comprend le nettoyage, l\u2019exfoliation, l\u2019extraction, un massage relaxant, un masque personnalis\u00e9 et un hydratant Dermalogica.<\/span><\/h4>\n[\/vc_column_text][\/vc_column][\/vc_row][vc_row][vc_column width=&#8221;1\/2&#8243;][vc_column_text]\n<h2><span style=\"font-family: Calibri; font-size: 13.5pt; color: #3c2821;\"><strong>Traitement Age Smart (75 Minutes)&nbsp;<\/strong><\/span><span style=\"font-family: Calibri; font-size: 13.5pt; color: #626262;\">Prix: $110<br \/>\n<\/span><\/h2>\n<h4><span style=\"font-family: Calibri; font-size: 11.25pt; color: #666666;\">Le traitement Age smart aide \u00e0 contr\u00f4ler les d\u00e9clencheurs biochimiques qui conduisent au vieillissement de la peau et est con\u00e7u pour aider les \u00e0 raffermir, adoucir, nourrir, r\u00e9g\u00e9n\u00e9rer et dynamiser la peau!<\/span><\/h4>\n<h2><span style=\"font-family: Calibri; font-size: 13.5pt; color: #3c2821;\"><strong>Traitement ultra apaisant (60 Minutes)&nbsp;<\/strong><\/span><span style=\"font-family: Calibri; font-size: 13.5pt; color: #626262;\">Prix: $85<br \/>\n<\/span><\/h2>\n<h4><span style=\"font-family: Calibri; font-size: 11.25pt; color: #666666;\">Rougeurs, d\u00e9mangeaisons, br\u00fblures de la peau \u2013 ne les cacher pas. Contr\u00f4ler-les! Ce traitement calme et apaise en ciblant ce qui d\u00e9clenche les rougeurs, tout en aidant \u00e0 votre peau \u00e0 retrouver la sant\u00e9 et pr\u00e9venir \u00e0 long terme les rougeurs.<\/span><\/h4>\n<h2><span style=\"font-family: Calibri; font-size: 13.5pt; color: #3c2821;\"><strong>Traitement Chroma White TRX (60 Minutes)&nbsp;<\/strong><\/span><span style=\"font-family: Calibri; font-size: 13.5pt; color: #626262;\">Prix: $110<br \/>\n<\/span><\/h2>\n<h4><span style=\"font-family: Calibri; font-size: 11.25pt; color: #666666;\">Ce traitement cibl\u00e9 comprend l\u2019\u00e9claircissement, l\u2019am\u00e9lioration de la tonicit\u00e9 de la peau, une meilleure clart\u00e9 et cr\u00e9e une apparence plus saine de la peau.<\/span><\/h4>\n[\/vc_column_text][\/vc_column][vc_column width=&#8221;1\/2&#8243;][vc_single_image image=&#8221;597&#8243; img_size=&#8221;full&#8221; alignment=&#8221;center&#8221;][\/vc_column][\/vc_row][vc_row][vc_column][vc_separator style=&#8221;shadow&#8221; border_width=&#8221;10&#8243;][\/vc_column][\/vc_row][vc_row][vc_column width=&#8221;1\/2&#8243;][vc_single_image image=&#8221;613&#8243; img_size=&#8221;full&#8221;][\/vc_column][vc_column width=&#8221;1\/2&#8243;][vc_custom_heading text=&#8221;Manucure&#8221; use_theme_fonts=&#8221;yes&#8221;][vc_column_text]\n<h2><span style=\"font-family: Calibri; font-size: 13.5pt; color: #3c2821;\"><strong>Manucure Spa (45 Minutes)&nbsp;<\/strong><\/span><span style=\"font-family: Calibri; font-size: 13.5pt; color: #626262;\">Prix: $30<br \/>\n<\/span><\/h2>\n<h4><span style=\"font-family: Calibri; font-size: 11.25pt; color: #666666;\">Ce service comprend le soin des ongles, le soin des cuticules, un gommage au sucre, un massage relaxant et une application de vernis \u00e0 ongles.<\/span><\/h4>\n<h2><span style=\"font-family: Calibri; font-size: 13.5pt; color: #3c2821;\"><strong>Manucure CND Laque (60 Minutes)&nbsp;<\/strong><\/span><span style=\"font-family: Calibri; font-size: 13.5pt; color: #626262;\">Prix: $40<br \/>\n<\/span><\/h2>\n<h4><span style=\"font-family: Calibri; font-size: 11.25pt; color: #666666;\">Notre manucure CND laque comprend le soin des ongles, le soin des cuticules, l\u2019application de la couleur laque et un massage relaxant. Ce produit r\u00e9volutionnaire n\u00e9cessite aucun temps de s\u00e9chage et offre une brillance et une durabilit\u00e9 exceptionnelle.<\/span><\/h4>\n<h2><span style=\"font-family: Calibri; font-size: 13.5pt; color: #3c2821;\"><strong>Extensions d\u2019ongles Resin&nbsp;<\/strong><\/span><span style=\"font-family: Calibri; font-size: 13.5pt; color: #626262;\">Prix: $65<br \/>\n<\/span><\/h2>\n<h4><span style=\"font-family: Calibri; font-size: 11.25pt; color: #666666;\">Cr\u00e9ez des am\u00e9liorations de gel durables, r\u00e9silientes et naturelles, faciles \u00e0 appliquer, faciles \u00e0 porter et faciles \u00e0 aimer.<br \/>\n<\/span><\/h4>\n[\/vc_column_text][\/vc_column][\/vc_row][vc_row][vc_column][vc_separator style=&#8221;shadow&#8221; border_width=&#8221;10&#8243;][\/vc_column][\/vc_row][vc_row][vc_column width=&#8221;1\/2&#8243;][vc_custom_heading text=&#8221;P\u00e9dicure&#8221; use_theme_fonts=&#8221;yes&#8221;][vc_column_text]\n<h2><span style=\"font-family: Calibri; font-size: 13.5pt; color: #3c2821;\"><strong>P\u00e9dicure Spa (60 Minutes)&nbsp;<\/strong><\/span><span style=\"font-family: Calibri; font-size: 13.5pt; color: #626262;\">Prix: $50<br \/>\n<\/span><\/h2>\n<h4><span style=\"font-family: Calibri; font-size: 11.25pt; color: #666666;\">D\u00e9tendez-vous pendant que nous dorlotons vos pieds et r\u00e9pondons \u00e0 vos pr\u00e9occupations. Notre traitement de p\u00e9dicure comprend un bain de pieds, suivi d\u2019un soin des ongles et des cuticules, un lissage de la peau rugueuse, un gommage au sucre, un massage relaxant et une application de vernis \u00e0 ongles.&nbsp;<\/span><\/h4>\n<h2><span style=\"font-family: Calibri; font-size: 13.5pt; color: #3c2821;\"><strong>P\u00e9dicure Laque (60 Minutes)&nbsp;<\/strong><\/span><span style=\"font-family: Calibri; font-size: 13.5pt; color: #626262;\">Prix: $60<br \/>\n<\/span><\/h2>\n<h4><span style=\"font-family: Calibri; font-size: 11.25pt; color: #666666;\">Ce service comprend un bain de pieds, le soin des ongles et des cuticules, le lissage de la peau rugueuse, votre choix d\u2019application de couleur laque ou O.P.I. gel et un massage relaxant.<\/span><\/h4>\n<h2><span style=\"font-family: Calibri; font-size: 13.5pt; color: #3c2821;\"><strong>D\u00e9marrage \u00e0 chaud (15 Minutes)&nbsp;<\/strong><\/span><span style=\"font-family: Calibri; font-size: 13.5pt; color: #626262;\">Prix: $10<br \/>\n<\/span><\/h2>\n<h4><span style=\"font-family: Calibri; font-size: 11.25pt; color: #666666;\">Hydratant de d\u00e9marrage chaud.<\/span><\/h4>\n[\/vc_column_text][\/vc_column][vc_column width=&#8221;1\/2&#8243;][vc_single_image image=&#8221;616&#8243; img_size=&#8221;full&#8221; alignment=&#8221;right&#8221;][\/vc_column][\/vc_row][vc_row][vc_column][vc_separator style=&#8221;shadow&#8221; border_width=&#8221;10&#8243;][\/vc_column][\/vc_row][vc_row][vc_column width=&#8221;1\/4&#8243;][vc_column_text]\n<ul>\n<li><strong>Sourcils;&nbsp;<\/strong>Prix $15<\/li>\n<li><strong>Fa\u00e7onnage et ombrage des sourcils;&nbsp;<\/strong>Prix $25<\/li>\n<li><strong>Menton;&nbsp;<\/strong>Prix $12<\/li>\n<li><strong>Aisselles;&nbsp;<\/strong>Prix $18<\/li>\n<li><strong>Moiti\u00e9 de Bras;&nbsp;<\/strong>Prix $25<\/li>\n<li><strong>Bras Compl\u00e8tes;&nbsp;<\/strong>Prix $30<\/li>\n<li><strong>Demi-Jambes;&nbsp;<\/strong>Prix $28<\/li>\n<li><strong>Jambes Compl\u00e8tes;&nbsp;<\/strong>Prix $50<\/li>\n<li><strong>Cuisses;&nbsp;<\/strong>Prix $35<\/li>\n<li><strong>Bikini (Ligne);&nbsp;<\/strong>Prix $25<\/li>\n<li><strong>Dos ou Torse;&nbsp;<\/strong>Prix $50<\/li>\n<\/ul>\n[\/vc_column_text][\/vc_column][vc_column width=&#8221;3\/4&#8243;][vc_single_image image=&#8221;634&#8243; img_size=&#8221;full&#8221;][\/vc_column][\/vc_row][vc_row][vc_column][vc_separator style=&#8221;shadow&#8221; border_width=&#8221;10&#8243;][\/vc_column][\/vc_row]\n<\/div>","protected":false},"excerpt":{"rendered":"<p>[vc_row][vc_column][\/vc_column][\/vc_row][vc_row][vc_column width=&#8221;1\/4&#8243;][vc_custom_heading text=&#8221;Soins du visage Dermalogica&#8221; use_theme_fonts=&#8221;yes&#8221;][vc_column_text] [\/vc_column_text][\/vc_column][vc_column width=&#8221;3\/4&#8243;][vc_single_image image=&#8221;588&#8243; img_size=&#8221;full&#8221; alignment=&#8221;right&#8221;][\/vc_column][\/vc_row][vc_row][vc_column][vc_column_text] Facial de base Dermalogica (60 Minutes)Prix: $85 Ce traitement est la base de la sant\u00e9 optimale de la peau. Il comprend le nettoyage, l\u2019exfoliation, l\u2019extraction, un massage relaxant, un masque personnalis\u00e9 et un hydratant Dermalogica. [\/vc_column_text][\/vc_column][\/vc_row][vc_row][vc_column width=&#8221;1\/2&#8243;][vc_column_text] Traitement Age Smart (75 Minutes)&nbsp;Prix: $110<\/p>\n","protected":false},"author":1,"featured_media":0,"parent":0,"menu_order":0,"comment_status":"closed","ping_status":"closed","template":"","meta":{"nf_dc_page":"","footnotes":""},"class_list":["post-462","page","type-page","status-publish","hentry"],"jetpack_sharing_enabled":true,"_links":{"self":[{"href":"http:\/\/lacoiffurespa.com\/fr\/wp-json\/wp\/v2\/pages\/462","targetHints":{"allow":["GET"]}}],"collection":[{"href":"http:\/\/lacoiffurespa.com\/fr\/wp-json\/wp\/v2\/pages"}],"about":[{"href":"http:\/\/lacoiffurespa.com\/fr\/wp-json\/wp\/v2\/types\/page"}],"author":[{"embeddable":true,"href":"http:\/\/lacoiffurespa.com\/fr\/wp-json\/wp\/v2\/users\/1"}],"replies":[{"embeddable":true,"href":"http:\/\/lacoiffurespa.com\/fr\/wp-json\/wp\/v2\/comments?post=462"}],"version-history":[{"count":55,"href":"http:\/\/lacoiffurespa.com\/fr\/wp-json\/wp\/v2\/pages\/462\/revisions"}],"predecessor-version":[{"id":856,"href":"http:\/\/lacoiffurespa.com\/fr\/wp-json\/wp\/v2\/pages\/462\/revisions\/856"}],"wp:attachment":[{"href":"http:\/\/lacoiffurespa.com\/fr\/wp-json\/wp\/v2\/media?parent=462"}],"curies":[{"name":"wp","href":"https:\/\/api.w.org\/{rel}","templated":true}]}}