{"id":464,"date":"2018-03-04T05:49:28","date_gmt":"2018-03-04T05:49:28","guid":{"rendered":"http:\/\/www.lacoiffurespa.com\/?page_id=464"},"modified":"2021-02-23T20:17:44","modified_gmt":"2021-02-23T20:17:44","slug":"bronzage-par-vaporisation","status":"publish","type":"page","link":"http:\/\/lacoiffurespa.com\/fr\/bronzage-par-vaporisation\/","title":{"rendered":"Bronzage par vaporisation"},"content":{"rendered":"<div class=\"wpb-content-wrapper\">[vc_row][vc_column width=&#8221;1\/4&#8243;][vc_column_text]\n<h3><span style=\"font-family: Calibri;\"><span style=\"font-size: 18px;\">Le bronzage par vaporisation Aviva donne un \u00e9clat parfait pour toute occasion.<br \/>\n<\/span><\/span><\/h3>\n<h4>Le bronzage par vaporisation Aviva donne un effet naturel:<\/h4>\n<ul>\n<li style=\"list-style-type: none;\">\n<ul>\n<li>\n<h4>Sans huile<\/h4>\n<\/li>\n<li>\n<h4>Sans alcool<\/h4>\n<\/li>\n<li>\n<h4>Fabriqu\u00e9 avec des ingr\u00e9dients approuv\u00e9s par la FDA<\/h4>\n<\/li>\n<li>\n<h4>\u00c0 base d\u2019eau, S\u00e9chage rapide<\/h4>\n<\/li>\n<li>\n<h4>V\u00e9g\u00e9talien et Hypoallerg\u00e9nique<\/h4>\n<\/li>\n<\/ul>\n<\/li>\n<\/ul>\n[\/vc_column_text][\/vc_column][vc_column width=&#8221;1\/2&#8243;][vc_single_image image=&#8221;653&#8243; img_size=&#8221;full&#8221; alignment=&#8221;center&#8221;][\/vc_column][vc_column width=&#8221;1\/4&#8243;][vc_custom_heading text=&#8221;Corps complet<br \/>\nPrix: $ 45&#8243; use_theme_fonts=&#8221;yes&#8221;][vc_custom_heading text=&#8221;Demi-corps<br \/>\nPrix: $ 25&#8243; use_theme_fonts=&#8221;yes&#8221;][vc_custom_heading text=&#8221;Visage \/ Bras<br \/>\nPrix: $ 20&#8243; use_theme_fonts=&#8221;yes&#8221;][vc_custom_heading text=&#8221;Visage seulement<br \/>\nPrix: $ 15&#8243; use_theme_fonts=&#8221;yes&#8221;][\/vc_column][\/vc_row][vc_row][vc_column][vc_separator style=&#8221;shadow&#8221; border_width=&#8221;10&#8243;][\/vc_column][\/vc_row]\n<\/div>","protected":false},"excerpt":{"rendered":"<p>[vc_row][vc_column width=&#8221;1\/4&#8243;][vc_column_text] Le bronzage par vaporisation Aviva donne un \u00e9clat parfait pour toute occasion. Le bronzage par vaporisation Aviva donne un effet naturel: Sans huile Sans alcool Fabriqu\u00e9 avec des ingr\u00e9dients approuv\u00e9s par la FDA \u00c0 base d\u2019eau, S\u00e9chage rapide V\u00e9g\u00e9talien et Hypoallerg\u00e9nique [\/vc_column_text][\/vc_column][vc_column width=&#8221;1\/2&#8243;][vc_single_image image=&#8221;653&#8243; img_size=&#8221;full&#8221; alignment=&#8221;center&#8221;][\/vc_column][vc_column width=&#8221;1\/4&#8243;][vc_custom_heading text=&#8221;Corps complet Prix: $ 45&#8243; use_theme_fonts=&#8221;yes&#8221;][vc_custom_heading<\/p>\n","protected":false},"author":1,"featured_media":0,"parent":0,"menu_order":0,"comment_status":"closed","ping_status":"closed","template":"","meta":{"nf_dc_page":"","footnotes":""},"class_list":["post-464","page","type-page","status-publish","hentry"],"jetpack_sharing_enabled":true,"_links":{"self":[{"href":"http:\/\/lacoiffurespa.com\/fr\/wp-json\/wp\/v2\/pages\/464","targetHints":{"allow":["GET"]}}],"collection":[{"href":"http:\/\/lacoiffurespa.com\/fr\/wp-json\/wp\/v2\/pages"}],"about":[{"href":"http:\/\/lacoiffurespa.com\/fr\/wp-json\/wp\/v2\/types\/page"}],"author":[{"embeddable":true,"href":"http:\/\/lacoiffurespa.com\/fr\/wp-json\/wp\/v2\/users\/1"}],"replies":[{"embeddable":true,"href":"http:\/\/lacoiffurespa.com\/fr\/wp-json\/wp\/v2\/comments?post=464"}],"version-history":[{"count":17,"href":"http:\/\/lacoiffurespa.com\/fr\/wp-json\/wp\/v2\/pages\/464\/revisions"}],"predecessor-version":[{"id":845,"href":"http:\/\/lacoiffurespa.com\/fr\/wp-json\/wp\/v2\/pages\/464\/revisions\/845"}],"wp:attachment":[{"href":"http:\/\/lacoiffurespa.com\/fr\/wp-json\/wp\/v2\/media?parent=464"}],"curies":[{"name":"wp","href":"https:\/\/api.w.org\/{rel}","templated":true}]}}