{"id":476,"date":"2018-03-04T05:51:24","date_gmt":"2018-03-04T05:51:24","guid":{"rendered":"http:\/\/www.lacoiffurespa.com\/?page_id=476"},"modified":"2021-11-15T06:36:12","modified_gmt":"2021-11-15T06:36:12","slug":"maquillage","status":"publish","type":"page","link":"http:\/\/lacoiffurespa.com\/fr\/maquillage\/","title":{"rendered":"Maquillage"},"content":{"rendered":"<div class=\"wpb-content-wrapper\">[vc_row][vc_column width=&#8221;1\/2&#8243;][vc_custom_heading text=&#8221;R\u00e9gulier&#8221; use_theme_fonts=&#8221;yes&#8221;][vc_column_text]\n<h3><span style=\"font-family: Calibri;\"><span style=\"font-size: 18px;\">Prix: $ 65<\/span><\/span><\/h3>\n<h3>Transformez votre look pour toute occasion sp\u00e9ciale.<\/h3>\n[\/vc_column_text][vc_custom_heading text=&#8221;Mari\u00e9e<br \/>\n&#8221; use_theme_fonts=&#8221;yes&#8221;][vc_column_text]\n<h3><span style=\"font-family: Calibri;\"><span style=\"font-size: 18px;\">Prix: $ 85<\/span><\/span><\/h3>\n<h3>Transformez votre look pour votre journ\u00e9e sp\u00e9ciale.<\/h3>\n[\/vc_column_text][\/vc_column][vc_column width=&#8221;1\/2&#8243;][vc_single_image image=&#8221;645&#8243; img_size=&#8221;full&#8221; alignment=&#8221;center&#8221;][\/vc_column][\/vc_row][vc_row][vc_column][vc_separator style=&#8221;shadow&#8221; border_width=&#8221;10&#8243;][\/vc_column][\/vc_row]\n<\/div>","protected":false},"excerpt":{"rendered":"<p>[vc_row][vc_column width=&#8221;1\/2&#8243;][vc_custom_heading text=&#8221;R\u00e9gulier&#8221; use_theme_fonts=&#8221;yes&#8221;][vc_column_text] Prix: $ 65 Transformez votre look pour toute occasion sp\u00e9ciale. [\/vc_column_text][vc_custom_heading text=&#8221;Mari\u00e9e &#8221; use_theme_fonts=&#8221;yes&#8221;][vc_column_text] Prix: $ 85 Transformez votre look pour votre journ\u00e9e sp\u00e9ciale. [\/vc_column_text][\/vc_column][vc_column width=&#8221;1\/2&#8243;][vc_single_image image=&#8221;645&#8243; img_size=&#8221;full&#8221; alignment=&#8221;center&#8221;][\/vc_column][\/vc_row][vc_row][vc_column][vc_separator style=&#8221;shadow&#8221; border_width=&#8221;10&#8243;][\/vc_column][\/vc_row]<\/p>\n","protected":false},"author":1,"featured_media":0,"parent":0,"menu_order":0,"comment_status":"closed","ping_status":"closed","template":"","meta":{"nf_dc_page":"","footnotes":""},"class_list":["post-476","page","type-page","status-publish","hentry"],"jetpack_sharing_enabled":true,"_links":{"self":[{"href":"http:\/\/lacoiffurespa.com\/fr\/wp-json\/wp\/v2\/pages\/476","targetHints":{"allow":["GET"]}}],"collection":[{"href":"http:\/\/lacoiffurespa.com\/fr\/wp-json\/wp\/v2\/pages"}],"about":[{"href":"http:\/\/lacoiffurespa.com\/fr\/wp-json\/wp\/v2\/types\/page"}],"author":[{"embeddable":true,"href":"http:\/\/lacoiffurespa.com\/fr\/wp-json\/wp\/v2\/users\/1"}],"replies":[{"embeddable":true,"href":"http:\/\/lacoiffurespa.com\/fr\/wp-json\/wp\/v2\/comments?post=476"}],"version-history":[{"count":18,"href":"http:\/\/lacoiffurespa.com\/fr\/wp-json\/wp\/v2\/pages\/476\/revisions"}],"predecessor-version":[{"id":857,"href":"http:\/\/lacoiffurespa.com\/fr\/wp-json\/wp\/v2\/pages\/476\/revisions\/857"}],"wp:attachment":[{"href":"http:\/\/lacoiffurespa.com\/fr\/wp-json\/wp\/v2\/media?parent=476"}],"curies":[{"name":"wp","href":"https:\/\/api.w.org\/{rel}","templated":true}]}}