{"id":513,"date":"2018-03-07T04:39:14","date_gmt":"2018-03-07T04:39:14","guid":{"rendered":"http:\/\/www.lacoiffurespa.com\/?page_id=513"},"modified":"2018-05-20T20:54:07","modified_gmt":"2018-05-20T20:54:07","slug":"apropos","status":"publish","type":"page","link":"http:\/\/lacoiffurespa.com\/fr\/apropos\/","title":{"rendered":"\u00c0 propos"},"content":{"rendered":"<div class=\"wpb-content-wrapper\">[vc_row][vc_column width=&#8221;1\/4&#8243;][vc_single_image image=&#8221;443&#8243; img_size=&#8221;full&#8221; alignment=&#8221;center&#8221;][\/vc_column][vc_column width=&#8221;3\/4&#8243;][vc_column_text]\n<h4>Bonjour et bienvenue chez L.A. Coiffure et Spa. Nous sommes Lina et Adele, deux s\u0153urs qui ont uni nos forces cr\u00e9atives et talents pour cr\u00e9er un salon et spa de style urbain au c\u0153ur de Lasalle. Lorsque vous entrez chez L.A Coiffure et Spa, nous voulons que vous vous sentiez choy\u00e9s. En travaillant avec une \u00e9quipe de conception talentueuse, nous avons \u00e9t\u00e9 en mesure d\u2019offrir \u00e0 nos clients une conception visuelle et esth\u00e9tique de haute qualit\u00e9 en utilisant les plus belles pi\u00e8ces provenant d\u2019Italie. Nous voulions aussi inclure des chaises et \u00e9viers faits sur mesure, confortables et enti\u00e8rement r\u00e9glables afin de s\u2019ajuster \u00e0 la hauteur de chaque client. C\u2019\u00e9tait important pour nous, pour le confort de nos clients.<br \/>\nDe notre salon \u00e0 ongles personnalis\u00e9 avec \u00e9viers en acier inoxydable, \u00e0 notre bar \u00e0 caf\u00e9 et \u00e0 bonbons, nous nous effor\u00e7ons de fournir un environnement s\u00e9curitaire et hygi\u00e9nique avec une touche de luxe abordable. Notre vaste espace de produits fournit un guichet unique pour diverses lignes de produits de haute qualit\u00e9, telles que Aveda, K\u00e9rastase, Dermalogica, LaLicious et Sara Happ.<\/h4>\n[\/vc_column_text][\/vc_column][\/vc_row][vc_row][vc_column][vc_custom_heading text=&#8221;\u00c0 propos des fondatrices de L.A Coiffure et Spa : LINA ET ADELE.&#8221; font_container=&#8221;tag:h2|text_align:center&#8221; google_fonts=&#8221;font_family:Roboto%3A100%2C100italic%2C300%2C300italic%2Cregular%2Citalic%2C500%2C500italic%2C700%2C700italic%2C900%2C900italic|font_style:700%20bold%20regular%3A700%3Anormal&#8221;][\/vc_column][\/vc_row][vc_row][vc_column][vc_column_text]\n<h4>Lina Piccioni,\u00a0a toujours eu un amour et un \u0153il pour le design. Elle a mis cette passion \u00e0 profit et en a fait une carri\u00e8re accomplie en tant que designer de mode depuis plus de 20 ans. Elle a voyag\u00e9 aux quatre coins du monde \u00e0 la recherche des derni\u00e8res tendances et id\u00e9es de design et a cr\u00e9\u00e9 de magnifiques cr\u00e9ations de mode pour des marques maison de grands magasins au Canada, aux \u00c9tats- Unis, au Mexique et en Europe. En 2012, elle a ouvert L.A. Coiffure et Spa \u00e0 Lasalle, Qu\u00e9bec.<br \/>\nAdele Piccioni,\u00a0coiffeuse-styliste depuis plus de 20 ans, a commenc\u00e9 sa carri\u00e8re au centre-ville de Montr\u00e9al sous la tutelle de Gerlinda Vetter. Cette exp\u00e9rience ne faisant qu\u2019augmenter sa croyance que de coiffer est un art, Adele a travaill\u00e9 avec le magazine Clin d\u2019\u0153il comme collaboratrice en coiffure, cr\u00e9ant de nouvelles coiffures pour les lectrices et transformant leur look, passant de l\u2019ordinaire \u00e0 l\u2019extraordinaire. Elle a ensuite travaill\u00e9 dans les coulisses en coiffant les cheveux des top-mod\u00e8les, \u00e0 la premi\u00e8re du spectacle de mode d\u2019Yves Saint- Laurent \u00e0 Montr\u00e9al. En 2012, elle a ouvert L.A. Coiffure et Spa \u00e0 Lasalle, Qu\u00e9bec.<\/h4>\n[\/vc_column_text][\/vc_column][\/vc_row]\n<\/div>","protected":false},"excerpt":{"rendered":"<p>[vc_row][vc_column width=&#8221;1\/4&#8243;][vc_single_image image=&#8221;443&#8243; img_size=&#8221;full&#8221; alignment=&#8221;center&#8221;][\/vc_column][vc_column width=&#8221;3\/4&#8243;][vc_column_text] Bonjour et bienvenue chez L.A. Coiffure et Spa. Nous sommes Lina et Adele, deux s\u0153urs qui ont uni nos forces cr\u00e9atives et talents pour cr\u00e9er un salon et spa de style urbain au c\u0153ur de Lasalle. Lorsque vous entrez chez L.A Coiffure et Spa, nous voulons que vous vous<\/p>\n","protected":false},"author":1,"featured_media":0,"parent":0,"menu_order":0,"comment_status":"closed","ping_status":"closed","template":"","meta":{"nf_dc_page":"","footnotes":""},"class_list":["post-513","page","type-page","status-publish","hentry"],"jetpack_sharing_enabled":true,"_links":{"self":[{"href":"http:\/\/lacoiffurespa.com\/fr\/wp-json\/wp\/v2\/pages\/513","targetHints":{"allow":["GET"]}}],"collection":[{"href":"http:\/\/lacoiffurespa.com\/fr\/wp-json\/wp\/v2\/pages"}],"about":[{"href":"http:\/\/lacoiffurespa.com\/fr\/wp-json\/wp\/v2\/types\/page"}],"author":[{"embeddable":true,"href":"http:\/\/lacoiffurespa.com\/fr\/wp-json\/wp\/v2\/users\/1"}],"replies":[{"embeddable":true,"href":"http:\/\/lacoiffurespa.com\/fr\/wp-json\/wp\/v2\/comments?post=513"}],"version-history":[{"count":16,"href":"http:\/\/lacoiffurespa.com\/fr\/wp-json\/wp\/v2\/pages\/513\/revisions"}],"predecessor-version":[{"id":786,"href":"http:\/\/lacoiffurespa.com\/fr\/wp-json\/wp\/v2\/pages\/513\/revisions\/786"}],"wp:attachment":[{"href":"http:\/\/lacoiffurespa.com\/fr\/wp-json\/wp\/v2\/media?parent=513"}],"curies":[{"name":"wp","href":"https:\/\/api.w.org\/{rel}","templated":true}]}}