{"id":525,"date":"2018-03-07T05:05:32","date_gmt":"2018-03-07T05:05:32","guid":{"rendered":"http:\/\/www.lacoiffurespa.com\/?page_id=525"},"modified":"2021-11-27T23:14:54","modified_gmt":"2021-11-27T23:14:54","slug":"soin-des-cheveux","status":"publish","type":"page","link":"http:\/\/lacoiffurespa.com\/fr\/soin-des-cheveux\/","title":{"rendered":"Soin des cheveux"},"content":{"rendered":"<div class=\"wpb-content-wrapper\">[vc_row][vc_column width=&#8221;1\/4&#8243;][vc_column_text]\n<ul>\n<li><strong>Coupe et mise en plis:<br \/>\n<\/strong>\u00e0 partir de $65<\/li>\n<li><strong>Mis en Plis:\u00a0<\/strong>\u00e0 partir de $35<\/li>\n<li><strong>Coiffure haute:\u00a0<\/strong>\u00e0 partir de $65<\/li>\n<li><strong>Coupe Homme:\u00a0<\/strong>\u00e0 partir de $30<\/li>\n<li><strong>Coupe Enfants:\u00a0<\/strong>\u00e0 partir de $25<\/li>\n<li><strong>M\u00e8ches Aveda:\u00a0<\/strong>\u00e0 partir de $90<\/li>\n<li><strong>Teinture:\u00a0<\/strong>\u00e0 partir de $65<\/li>\n<li><strong>\u00c9mulsion:\u00a0<\/strong>\u00e0 partir de $35<\/li>\n<li><strong>D\u00e9coloration:<\/strong>\u00e0 partir de $80<\/li>\n<\/ul>\n[\/vc_column_text][\/vc_column][vc_column width=&#8221;3\/4&#8243;][vc_single_image image=&#8221;537&#8243; img_size=&#8221;full&#8221; alignment=&#8221;center&#8221;][\/vc_column][\/vc_row][vc_row][vc_column][vc_separator style=&#8221;shadow&#8221; border_width=&#8221;10&#8243;][\/vc_column][\/vc_row][vc_row][vc_column width=&#8221;1\/4&#8243;][vc_custom_heading text=&#8221;Aveda Traitement de Cheveux&#8221; font_container=&#8221;tag:h2|text_align:left|color:%23000000&#8243; use_theme_fonts=&#8221;yes&#8221;][vc_column_text]\n<ul>\n<li><strong>Traitement en profondeur:<br \/>\n<\/strong> Prix: $30<\/li>\n<li><strong>Traitement masque:<br \/>\n<\/strong> Prix:\u00a0$15<\/li>\n<\/ul>\n[\/vc_column_text][\/vc_column][vc_column width=&#8221;3\/4&#8243;][vc_single_image image=&#8221;554&#8243; img_size=&#8221;full&#8221; alignment=&#8221;center&#8221;][\/vc_column][\/vc_row][vc_row][vc_column][vc_separator style=&#8221;shadow&#8221; border_width=&#8221;10&#8243;][\/vc_column][\/vc_row][vc_row][vc_column width=&#8221;2\/3&#8243;][vc_custom_heading text=&#8221;Extension de cheveux&#8221; font_container=&#8221;tag:h2|text_align:left|color:%23000000&#8243; use_theme_fonts=&#8221;yes&#8221;][vc_single_image image=&#8221;563&#8243; img_size=&#8221;full&#8221; alignment=&#8221;center&#8221;][vc_column_text]Chez Great Lengths, nous sommes extr\u00eamement fiers des services que nous offrons et du fait que nous repr\u00e9sentons les meilleurs produits de rallonges capillaires au monde. Notre but ultime est d\u2019assurer que chaque exp\u00e9rience Great Lengths soit positive \u2013 pour le professionnel qui procure le service et pour la consommatrice qui a pris la d\u00e9cision de parfaire son look et son style, tel qu\u2019elle l\u2019a toujours d\u00e9sir\u00e9. Fait \u00e0 100% de vrais cheveux.[\/vc_column_text][\/vc_column][vc_column width=&#8221;1\/3&#8243;][vc_single_image image=&#8221;562&#8243; img_size=&#8221;full&#8221; alignment=&#8221;center&#8221;][\/vc_column][\/vc_row][vc_row][vc_column][vc_separator style=&#8221;shadow&#8221; border_width=&#8221;10&#8243;][\/vc_column][\/vc_row][vc_row][vc_column width=&#8221;1\/4&#8243;][vc_single_image image=&#8221;567&#8243; img_size=&#8221;full&#8221; alignment=&#8221;center&#8221;][\/vc_column][vc_column width=&#8221;1\/2&#8243;][vc_column_text]\n<h2>La toute nouvelle marque GEEwig\u2122<\/h2>\n<h4>Gamme de produits G.Wave par Ga\u00ebl Betts\u2122<\/h4>\n<h4>Fait enti\u00e8rement de cheveux naturels, la\u00a0<strong>GEEwig\u2122<\/strong>\u00a0permet toutes les applications techniques pour adapter vos extensions de cheveux temporaires \u00e0 votre look actuel. Vous pouvez en faire la mise en pli et l\u2019ins\u00e9rer facilement dans vos cheveux. La conception unique de\u00a0<strong>GEEwig\u2122<\/strong>\u00a0la rend tr\u00e8s confortable \u00e0 porter. Le poids l\u00e9ger et la r\u00e9sistance du filet vous donne la polyvalence \u00e0 laquelle vous vous attendez tandis que vous n\u2019avez besoin que de trois pincettes pour un ajustement parfait.<\/h4>\n[\/vc_column_text][vc_column_text]\n<h2 style=\"text-align: center;\">Surcharge pour coulleur additionnel.<\/h2>\n<h2 style=\"text-align: center;\">Les prix variant selon l\u2019exp\u00e9rience du professionnel et de la longueur des cheveux.<\/h2>\n[\/vc_column_text][\/vc_column][vc_column width=&#8221;1\/4&#8243;][vc_single_image image=&#8221;566&#8243; img_size=&#8221;full&#8221; alignment=&#8221;center&#8221;][\/vc_column][\/vc_row][vc_row][vc_column][vc_separator style=&#8221;shadow&#8221; border_width=&#8221;10&#8243;][\/vc_column][\/vc_row]\n<\/div>","protected":false},"excerpt":{"rendered":"<p>[vc_row][vc_column width=&#8221;1\/4&#8243;][vc_column_text] Coupe et mise en plis: \u00e0 partir de $65 Mis en Plis:\u00a0\u00e0 partir de $35 Coiffure haute:\u00a0\u00e0 partir de $65 Coupe Homme:\u00a0\u00e0 partir de $30 Coupe Enfants:\u00a0\u00e0 partir de $25 M\u00e8ches Aveda:\u00a0\u00e0 partir de $90 Teinture:\u00a0\u00e0 partir de $65 \u00c9mulsion:\u00a0\u00e0 partir de $35 D\u00e9coloration:\u00e0 partir de $80 [\/vc_column_text][\/vc_column][vc_column width=&#8221;3\/4&#8243;][vc_single_image image=&#8221;537&#8243; img_size=&#8221;full&#8221; alignment=&#8221;center&#8221;][\/vc_column][\/vc_row][vc_row][vc_column][vc_separator style=&#8221;shadow&#8221;<\/p>\n","protected":false},"author":1,"featured_media":0,"parent":0,"menu_order":0,"comment_status":"closed","ping_status":"closed","template":"","meta":{"nf_dc_page":"","footnotes":""},"class_list":["post-525","page","type-page","status-publish","hentry"],"jetpack_sharing_enabled":true,"_links":{"self":[{"href":"http:\/\/lacoiffurespa.com\/fr\/wp-json\/wp\/v2\/pages\/525","targetHints":{"allow":["GET"]}}],"collection":[{"href":"http:\/\/lacoiffurespa.com\/fr\/wp-json\/wp\/v2\/pages"}],"about":[{"href":"http:\/\/lacoiffurespa.com\/fr\/wp-json\/wp\/v2\/types\/page"}],"author":[{"embeddable":true,"href":"http:\/\/lacoiffurespa.com\/fr\/wp-json\/wp\/v2\/users\/1"}],"replies":[{"embeddable":true,"href":"http:\/\/lacoiffurespa.com\/fr\/wp-json\/wp\/v2\/comments?post=525"}],"version-history":[{"count":41,"href":"http:\/\/lacoiffurespa.com\/fr\/wp-json\/wp\/v2\/pages\/525\/revisions"}],"predecessor-version":[{"id":861,"href":"http:\/\/lacoiffurespa.com\/fr\/wp-json\/wp\/v2\/pages\/525\/revisions\/861"}],"wp:attachment":[{"href":"http:\/\/lacoiffurespa.com\/fr\/wp-json\/wp\/v2\/media?parent=525"}],"curies":[{"name":"wp","href":"https:\/\/api.w.org\/{rel}","templated":true}]}}